{"id":4,"date":"2018-04-08T15:22:06","date_gmt":"2018-04-08T15:22:06","guid":{"rendered":"http:\/\/ihma.org.pe\/?page_id=4"},"modified":"2024-06-24T18:10:10","modified_gmt":"2024-06-24T18:10:10","slug":"contacto","status":"publish","type":"page","link":"https:\/\/ihma.org.pe\/en\/contacto\/","title":{"rendered":"Contact"},"content":{"rendered":"<strong>Instituto Humboldt de Investigaci\u00f3n Marina y Acu\u00edcola \u2013 IHMA<\/strong><br \/>\nAv. Rep\u00fablica de Panam\u00e1 3695, piso 9, San Isidro, Lima<br \/>\nCorreo electr\u00f3nico: <a href=\"mailto:administrador@ihma.org.pe\">administrador@ihma.org.pe<\/a><\/p>\n<p>&nbsp;","protected":false},"excerpt":{"rendered":"<p>Instituto Humboldt de Investigaci\u00f3n Marina y Acu\u00edcola \u2013 IHMA Av. Rep\u00fablica de Panam\u00e1 3695, piso 9, San Isidro, Lima Correo electr\u00f3nico: administrador@ihma.org.pe &nbsp;<\/p>\n","protected":false},"author":1,"featured_media":32,"parent":0,"menu_order":0,"comment_status":"closed","ping_status":"closed","template":"","meta":{"footnotes":""},"class_list":["post-4","page","type-page","status-publish","has-post-thumbnail","hentry"],"yoast_head":"<!-- This site is optimized with the Yoast SEO plugin v24.7 - https:\/\/yoast.com\/wordpress\/plugins\/seo\/ -->\n<title>Contact - Instituto Humboldt<\/title>\n<meta name=\"robots\" content=\"index, follow, max-snippet:-1, max-image-preview:large, max-video-preview:-1\" \/>\n<link rel=\"canonical\" href=\"https:\/\/ihma.org.pe\/en\/contacto\/\" \/>\n<meta property=\"og:locale\" content=\"en_US\" \/>\n<meta property=\"og:type\" content=\"article\" \/>\n<meta property=\"og:title\" content=\"Contact - Instituto Humboldt\" \/>\n<meta property=\"og:description\" content=\"Instituto Humboldt de Investigaci\u00f3n Marina y Acu\u00edcola \u2013 IHMA Av. Rep\u00fablica de Panam\u00e1 3695, piso 9, San Isidro, Lima Correo electr\u00f3nico: administrador@ihma.org.pe &nbsp;\" \/>\n<meta property=\"og:url\" content=\"https:\/\/ihma.org.pe\/en\/contacto\/\" \/>\n<meta property=\"og:site_name\" content=\"Instituto Humboldt\" \/>\n<meta property=\"article:modified_time\" content=\"2024-06-24T18:10:10+00:00\" \/>\n<meta property=\"og:image\" content=\"https:\/\/ihma.org.pe\/wp-content\/uploads\/2018\/05\/contacto.jpg\" \/>\n\t<meta property=\"og:image:width\" content=\"1400\" \/>\n\t<meta property=\"og:image:height\" content=\"500\" \/>\n\t<meta property=\"og:image:type\" content=\"image\/jpeg\" \/>\n<meta name=\"twitter:card\" content=\"summary_large_image\" \/>\n<script type=\"application\/ld+json\" class=\"yoast-schema-graph\">{\"@context\":\"https:\/\/schema.org\",\"@graph\":[{\"@type\":\"WebPage\",\"@id\":\"https:\/\/ihma.org.pe\/en\/contacto\/\",\"url\":\"https:\/\/ihma.org.pe\/en\/contacto\/\",\"name\":\"Contact - Instituto Humboldt\",\"isPartOf\":{\"@id\":\"https:\/\/ihma.org.pe\/#website\"},\"primaryImageOfPage\":{\"@id\":\"https:\/\/ihma.org.pe\/en\/contacto\/#primaryimage\"},\"image\":{\"@id\":\"https:\/\/ihma.org.pe\/en\/contacto\/#primaryimage\"},\"thumbnailUrl\":\"https:\/\/ihma.org.pe\/wp-content\/uploads\/2018\/05\/contacto.jpg\",\"datePublished\":\"2018-04-08T15:22:06+00:00\",\"dateModified\":\"2024-06-24T18:10:10+00:00\",\"breadcrumb\":{\"@id\":\"https:\/\/ihma.org.pe\/en\/contacto\/#breadcrumb\"},\"inLanguage\":\"en-US\",\"potentialAction\":[{\"@type\":\"ReadAction\",\"target\":[\"https:\/\/ihma.org.pe\/en\/contacto\/\"]}]},{\"@type\":\"ImageObject\",\"inLanguage\":\"en-US\",\"@id\":\"https:\/\/ihma.org.pe\/en\/contacto\/#primaryimage\",\"url\":\"https:\/\/ihma.org.pe\/wp-content\/uploads\/2018\/05\/contacto.jpg\",\"contentUrl\":\"https:\/\/ihma.org.pe\/wp-content\/uploads\/2018\/05\/contacto.jpg\",\"width\":1400,\"height\":500},{\"@type\":\"BreadcrumbList\",\"@id\":\"https:\/\/ihma.org.pe\/en\/contacto\/#breadcrumb\",\"itemListElement\":[{\"@type\":\"ListItem\",\"position\":1,\"name\":\"Home\",\"item\":\"https:\/\/ihma.org.pe\/\"},{\"@type\":\"ListItem\",\"position\":2,\"name\":\"Contact\"}]},{\"@type\":\"WebSite\",\"@id\":\"https:\/\/ihma.org.pe\/#website\",\"url\":\"https:\/\/ihma.org.pe\/\",\"name\":\"Instituto Humboldt\",\"description\":\"Investigaci\u00f3n Manira y Acu\u00edcola\",\"potentialAction\":[{\"@type\":\"SearchAction\",\"target\":{\"@type\":\"EntryPoint\",\"urlTemplate\":\"https:\/\/ihma.org.pe\/?s={search_term_string}\"},\"query-input\":{\"@type\":\"PropertyValueSpecification\",\"valueRequired\":true,\"valueName\":\"search_term_string\"}}],\"inLanguage\":\"en-US\"}]}<\/script>\n<!-- \/ Yoast SEO plugin. -->","yoast_head_json":{"title":"Contact - Instituto Humboldt","robots":{"index":"index","follow":"follow","max-snippet":"max-snippet:-1","max-image-preview":"max-image-preview:large","max-video-preview":"max-video-preview:-1"},"canonical":"https:\/\/ihma.org.pe\/en\/contacto\/","og_locale":"en_US","og_type":"article","og_title":"Contact - Instituto Humboldt","og_description":"Instituto Humboldt de Investigaci\u00f3n Marina y Acu\u00edcola \u2013 IHMA Av. Rep\u00fablica de Panam\u00e1 3695, piso 9, San Isidro, Lima Correo electr\u00f3nico: administrador@ihma.org.pe &nbsp;","og_url":"https:\/\/ihma.org.pe\/en\/contacto\/","og_site_name":"Instituto Humboldt","article_modified_time":"2024-06-24T18:10:10+00:00","og_image":[{"width":1400,"height":500,"url":"https:\/\/ihma.org.pe\/wp-content\/uploads\/2018\/05\/contacto.jpg","type":"image\/jpeg"}],"twitter_card":"summary_large_image","schema":{"@context":"https:\/\/schema.org","@graph":[{"@type":"WebPage","@id":"https:\/\/ihma.org.pe\/en\/contacto\/","url":"https:\/\/ihma.org.pe\/en\/contacto\/","name":"Contact - Instituto Humboldt","isPartOf":{"@id":"https:\/\/ihma.org.pe\/#website"},"primaryImageOfPage":{"@id":"https:\/\/ihma.org.pe\/en\/contacto\/#primaryimage"},"image":{"@id":"https:\/\/ihma.org.pe\/en\/contacto\/#primaryimage"},"thumbnailUrl":"https:\/\/ihma.org.pe\/wp-content\/uploads\/2018\/05\/contacto.jpg","datePublished":"2018-04-08T15:22:06+00:00","dateModified":"2024-06-24T18:10:10+00:00","breadcrumb":{"@id":"https:\/\/ihma.org.pe\/en\/contacto\/#breadcrumb"},"inLanguage":"en-US","potentialAction":[{"@type":"ReadAction","target":["https:\/\/ihma.org.pe\/en\/contacto\/"]}]},{"@type":"ImageObject","inLanguage":"en-US","@id":"https:\/\/ihma.org.pe\/en\/contacto\/#primaryimage","url":"https:\/\/ihma.org.pe\/wp-content\/uploads\/2018\/05\/contacto.jpg","contentUrl":"https:\/\/ihma.org.pe\/wp-content\/uploads\/2018\/05\/contacto.jpg","width":1400,"height":500},{"@type":"BreadcrumbList","@id":"https:\/\/ihma.org.pe\/en\/contacto\/#breadcrumb","itemListElement":[{"@type":"ListItem","position":1,"name":"Home","item":"https:\/\/ihma.org.pe\/"},{"@type":"ListItem","position":2,"name":"Contact"}]},{"@type":"WebSite","@id":"https:\/\/ihma.org.pe\/#website","url":"https:\/\/ihma.org.pe\/","name":"Instituto Humboldt","description":"Investigaci\u00f3n Manira y Acu\u00edcola","potentialAction":[{"@type":"SearchAction","target":{"@type":"EntryPoint","urlTemplate":"https:\/\/ihma.org.pe\/?s={search_term_string}"},"query-input":{"@type":"PropertyValueSpecification","valueRequired":true,"valueName":"search_term_string"}}],"inLanguage":"en-US"}]}},"_links":{"self":[{"href":"https:\/\/ihma.org.pe\/en\/wp-json\/wp\/v2\/pages\/4","targetHints":{"allow":["GET"]}}],"collection":[{"href":"https:\/\/ihma.org.pe\/en\/wp-json\/wp\/v2\/pages"}],"about":[{"href":"https:\/\/ihma.org.pe\/en\/wp-json\/wp\/v2\/types\/page"}],"author":[{"embeddable":true,"href":"https:\/\/ihma.org.pe\/en\/wp-json\/wp\/v2\/users\/1"}],"replies":[{"embeddable":true,"href":"https:\/\/ihma.org.pe\/en\/wp-json\/wp\/v2\/comments?post=4"}],"version-history":[{"count":11,"href":"https:\/\/ihma.org.pe\/en\/wp-json\/wp\/v2\/pages\/4\/revisions"}],"predecessor-version":[{"id":2544,"href":"https:\/\/ihma.org.pe\/en\/wp-json\/wp\/v2\/pages\/4\/revisions\/2544"}],"wp:featuredmedia":[{"embeddable":true,"href":"https:\/\/ihma.org.pe\/en\/wp-json\/wp\/v2\/media\/32"}],"wp:attachment":[{"href":"https:\/\/ihma.org.pe\/en\/wp-json\/wp\/v2\/media?parent=4"}],"curies":[{"name":"wp","href":"https:\/\/api.w.org\/{rel}","templated":true}]}}